{"id":11,"date":"2020-02-22T10:56:22","date_gmt":"2020-02-22T09:56:22","guid":{"rendered":"http:\/\/serwer2200102.home.pl\/windykatorzy\/index.php\/ksiegowosc\/"},"modified":"2020-05-06T11:43:13","modified_gmt":"2020-05-06T09:43:13","slug":"windykacja","status":"publish","type":"page","link":"http:\/\/windykatorzy.com\/index.php\/windykacja\/","title":{"rendered":"Windykacja przeds\u0105dowa"},"content":{"rendered":"<p>[et_pb_section fb_built=&#8221;1&#8243; _builder_version=&#8221;4.3.2&#8243; background_enable_color=&#8221;off&#8221; use_background_color_gradient=&#8221;on&#8221; background_color_gradient_start=&#8221;rgba(255,255,255,0.84)&#8221; background_color_gradient_end=&#8221;rgba(255,255,255,0)&#8221; background_color_gradient_direction=&#8221;130deg&#8221; background_image=&#8221;http:\/\/serwer2200102.home.pl\/windykatorzy\/wp-content\/uploads\/2020\/05\/canary-islands-91013_1280.jpg&#8221; background_blend=&#8221;overlay&#8221; custom_padding=&#8221;7.5%||7.5%||true|&#8221;][et_pb_row use_custom_gutter=&#8221;on&#8221; gutter_width=&#8221;2&#8243; make_equal=&#8221;on&#8221; _builder_version=&#8221;3.25.3&#8243; width=&#8221;98%&#8221; width_tablet=&#8221;90%&#8221; width_phone=&#8221;90%&#8221; width_last_edited=&#8221;on|tablet&#8221; max_width=&#8221;1140px&#8221; max_width_tablet=&#8221;90%&#8221; max_width_phone=&#8221;90%&#8221; max_width_last_edited=&#8221;on|phone&#8221; custom_margin=&#8221;|auto||131px||&#8221; animation_style=&#8221;slide&#8221; animation_direction=&#8221;left&#8221;][et_pb_column type=&#8221;4_4&#8243; _builder_version=&#8221;3.25.3&#8243;][et_pb_text _builder_version=&#8221;4.3.2&#8243; header_font=&#8221;Poppins|700||on|||||&#8221; header_text_color=&#8221;#2c394c&#8221; header_font_size=&#8221;50px&#8221; header_line_height=&#8221;1.1em&#8221; max_width=&#8221;700px&#8221; max_width_tablet=&#8221;70%&#8221; max_width_phone=&#8221;70%&#8221; max_width_last_edited=&#8221;on|tablet&#8221; custom_margin=&#8221;-23px||&#8221; header_font_size_tablet=&#8221;&#8221; header_font_size_phone=&#8221;25px&#8221; header_font_size_last_edited=&#8221;on|desktop&#8221; header_line_height_tablet=&#8221;&#8221; header_line_height_phone=&#8221;1.3em&#8221; header_line_height_last_edited=&#8221;on|desktop&#8221;]<\/p>\n<h1>Windykacja przeds\u0105dowa<\/h1>\n<p>[\/et_pb_text][et_pb_text _builder_version=&#8221;4.3.2&#8243; text_font=&#8221;Muli||||||||&#8221; text_text_color=&#8221;#000000&#8243; text_font_size=&#8221;18px&#8221; text_line_height=&#8221;1.8em&#8221; text_orientation=&#8221;justified&#8221; max_width=&#8221;489px&#8221; max_width_tablet=&#8221;&#8221; max_width_phone=&#8221;60%&#8221; max_width_last_edited=&#8221;on|desktop&#8221; custom_margin=&#8221;-16px||&#8221;]<\/p>\n<p>Cz\u0142owiek z d\u0142ugami jest jak wrak. Nie zwlekaj! Sp\u0142a\u0107 d\u0142ugi i przesta\u0144 by\u0107 wrakiem cz\u0142owieka. Zacznij \u017cy\u0107 na nowo.<\/p>\n<p>[\/et_pb_text][\/et_pb_column][\/et_pb_row][\/et_pb_section][et_pb_section fb_built=&#8221;1&#8243; _builder_version=&#8221;4.3.2&#8243; background_color=&#8221;#777777&#8243; custom_padding=&#8221;0px||0px||true|&#8221;][et_pb_row use_custom_gutter=&#8221;on&#8221; gutter_width=&#8221;2&#8243; make_equal=&#8221;on&#8221; _builder_version=&#8221;3.25.3&#8243; width=&#8221;98%&#8221; width_tablet=&#8221;90%&#8221; width_phone=&#8221;90%&#8221; width_last_edited=&#8221;on|tablet&#8221; max_width=&#8221;1140px&#8221; max_width_tablet=&#8221;90%&#8221; max_width_phone=&#8221;90%&#8221; max_width_last_edited=&#8221;on|phone&#8221;][et_pb_column type=&#8221;4_4&#8243; _builder_version=&#8221;3.25.3&#8243;][et_pb_text _builder_version=&#8221;4.3.2&#8243; header_font=&#8221;Muli|800|||||||&#8221; header_text_align=&#8221;center&#8221; header_text_color=&#8221;#ffffff&#8221; header_font_size=&#8221;20px&#8221; header_line_height=&#8221;1.6em&#8221; custom_margin=&#8221;||&#8221; custom_padding=&#8221;10px||&#8221; header_font_size_tablet=&#8221;&#8221; header_font_size_phone=&#8221;25px&#8221; header_font_size_last_edited=&#8221;on|desktop&#8221; header_line_height_tablet=&#8221;&#8221; header_line_height_phone=&#8221;1.3em&#8221; header_line_height_last_edited=&#8221;on|desktop&#8221;]<\/p>\n<h1>Zdobyte na przestrzeni lat do\u015bwiadczenie, pozwoli\u0142o nam na zaproponowanie naszym klientom us\u0142ug gwarantuj\u0105cych skuteczn\u0105 i kompleksow\u0105 obs\u0142ug\u0119 windykacyjn\u0105.<\/h1>\n<p>[\/et_pb_text][\/et_pb_column][\/et_pb_row][\/et_pb_section][et_pb_section fb_built=&#8221;1&#8243; _builder_version=&#8221;3.25.3&#8243; custom_padding=&#8221;20px||20px||true|&#8221;][et_pb_row column_structure=&#8221;1_2,1_2&#8243; use_custom_gutter=&#8221;on&#8221; make_equal=&#8221;on&#8221; _builder_version=&#8221;4.3.2&#8243; width=&#8221;98%&#8221; width_tablet=&#8221;90%&#8221; width_phone=&#8221;90%&#8221; width_last_edited=&#8221;on|tablet&#8221; max_width=&#8221;1140px&#8221; max_width_tablet=&#8221;90%&#8221; max_width_phone=&#8221;90%&#8221; max_width_last_edited=&#8221;on|phone&#8221; hover_enabled=&#8221;0&#8243;][et_pb_column type=&#8221;1_2&#8243; _builder_version=&#8221;3.25.3&#8243;][et_pb_text _builder_version=&#8221;4.3.2&#8243; text_font=&#8221;Muli||||||||&#8221; text_text_color=&#8221;#000000&#8243; text_font_size=&#8221;16px&#8221; text_line_height=&#8221;1.8em&#8221; text_orientation=&#8221;justified&#8221; custom_margin_tablet=&#8221;|||0px&#8221; custom_margin_phone=&#8221;|||0px&#8221; custom_margin_last_edited=&#8221;on|desktop&#8221; custom_padding_tablet=&#8221;|||25px&#8221; custom_padding_phone=&#8221;|||20px&#8221; custom_padding_last_edited=&#8221;on|desktop&#8221; hover_enabled=&#8221;0&#8243; border_color_left=&#8221;#008dd2&#8243;]<\/p>\n<p>W opinii WINDYKATORZY.COM, przed przyst\u0105pieniem do dzia\u0142a\u0144 na etapie s\u0105dowym czy egzekucji d\u0142ug\u00f3w, ka\u017cdemu d\u0142u\u017cnikowi nale\u017cy da\u0107 szans\u0119 na polubowne zako\u0144czenie post\u0119powania. Pozwala to na minimalizacj\u0119 koszt\u00f3w ponoszonych przez d\u0142u\u017cnika, w zwi\u0105zku z dzia\u0142aniami egzekucyjnymi. W zwi\u0105zku z tym, nawi\u0105zujemy kontakt z d\u0142u\u017cnikiem w imieniu klienta i podejmujemy wszelkie mo\u017cliwe kroki, aby d\u0142u\u017cnik zap\u0142aci\u0142 nale\u017cno\u015b\u0107. Na etapie pozas\u0105dowym korzystamy z nast\u0119puj\u0105cych mo\u017cliwo\u015bci:<\/p>\n<ul>\n<li><strong>Pisemne oraz telefoniczne wezwanie do zap<\/strong>\u0142<strong>aty <\/strong>&#8211; zwracamy si\u0119 pisemnie oraz telefonicznie do d\u0142u\u017cnika z wezwaniem do zap\u0142aty. W oparciu o podj\u0119te ustalenia, okre\u015blony zostaje kilkudniowy termin na dokonanie wp\u0142aty.<\/li>\n<li><strong>Wizyta terenowa windykatora<\/strong> &#8211; w przypadku fiaska podj\u0119tego kontaktu lub braku realizacji przez d\u0142u\u017cnika podj\u0119tych zobowi\u0105za\u0144, aran\u017cujemy wizyt\u0119 windykatora w miejscu zamieszkania i\/lub pracy d\u0142u\u017cnika. W przypadku braku zastania d\u0142u\u017cnika na miejscu, windykator oczekuje na kontakt do skutku.<\/li>\n<li><strong>zg\u0142oszenie d\u0142u\u017cnika do rejestru<\/strong> &#8211; dysponujemy mo\u017cliwo\u015bciami, kt\u00f3re pozwalaj\u0105 aby wpisa\u0107 d\u0142u\u017cnika wielu rejestr\u00f3w d\u0142ug\u00f3w (biur informacji gospodarczej). Firmy i osoby znajduj\u0105ce si\u0119 na tych listach, maj\u0105 bardzo cz\u0119sto znaczne trudno\u015bci z uzyskaniem kredyt\u00f3w czy po\u017cyczek, ze znalezieniem nowych partner\u00f3w handlowych, czy chocia\u017cby zakupem telefonu lub us\u0142ug TV w us\u0142ugach abonamentowych.<\/li>\n<li><strong>Okre\u015blenie planu sp<\/strong><strong>\u0142at<\/strong> &#8211; ka\u017cdego d\u0142u\u017cnika zach\u0119camy do ustalenia w porozumieniu z nami planu sp\u0142aty zad\u0142u\u017cenia. Nast\u0119pnie do\u015b\u0107 konsekwentnie pilnujemy realizacji podj\u0119tych przez d\u0142u\u017cnika ustale\u0144. <\/li>\n<\/ul>\n<p>[\/et_pb_text][\/et_pb_column][et_pb_column type=&#8221;1_2&#8243; _builder_version=&#8221;4.3.2&#8243; background_enable_image=&#8221;off&#8221; parallax=&#8221;on&#8221;][et_pb_image src=&#8221;http:\/\/serwer2200102.home.pl\/windykatorzy\/wp-content\/uploads\/2020\/05\/tie-690084_640.jpg&#8221; _builder_version=&#8221;4.3.2&#8243; hover_enabled=&#8221;0&#8243; box_shadow_style=&#8221;preset2&#8243;][\/et_pb_image][\/et_pb_column][\/et_pb_row][\/et_pb_section][et_pb_section fb_built=&#8221;1&#8243; make_equal=&#8221;on&#8221; use_custom_gutter=&#8221;on&#8221; gutter_width=&#8221;2&#8243; specialty=&#8221;on&#8221; _builder_version=&#8221;4.3.2&#8243; background_image=&#8221;http:\/\/serwer2200102.home.pl\/windykatorzy\/wp-content\/uploads\/2020\/02\/photo-of-people-doing-handshakes-3183197.jpg&#8221; parallax=&#8221;on&#8221; parallax_method=&#8221;off&#8221; inner_width=&#8221;98%&#8221; inner_width_tablet=&#8221;90%&#8221; inner_width_phone=&#8221;90%&#8221; inner_width_last_edited=&#8221;on|tablet&#8221; inner_max_width=&#8221;1140px&#8221; inner_max_width_tablet=&#8221;90%&#8221; inner_max_width_phone=&#8221;90%&#8221; inner_max_width_last_edited=&#8221;on|tablet&#8221; custom_padding=&#8221;0px||0px||true|&#8221;][et_pb_column type=&#8221;1_3&#8243; _builder_version=&#8221;3.25&#8243; custom_padding=&#8221;|||&#8221; custom_padding__hover=&#8221;|||&#8221;][\/et_pb_column][et_pb_column type=&#8221;2_3&#8243; specialty_columns=&#8221;2&#8243; _builder_version=&#8221;3.25&#8243; custom_padding=&#8221;|||&#8221; custom_padding__hover=&#8221;|||&#8221;][et_pb_row_inner _builder_version=&#8221;4.3.2&#8243; custom_padding=&#8221;20%||20%||true|false&#8221;][et_pb_column_inner saved_specialty_column_type=&#8221;2_3&#8243; _builder_version=&#8221;3.25.3&#8243;][et_pb_text _builder_version=&#8221;4.3.2&#8243; text_font=&#8221;Muli|500|||||||&#8221; text_text_color=&#8221;#ffffff&#8221; text_font_size=&#8221;19px&#8221; text_line_height=&#8221;1.8em&#8221; background_color=&#8221;rgba(0,0,0,0.84)&#8221; text_orientation=&#8221;center&#8221; custom_padding=&#8221;20px|20px|20px|20px|true|true&#8221;]<\/p>\n<p>Nasza us\u0142uga to co\u015b wi\u0119cej ni\u017c windykacja wierzytelno\u015bci. Wsp\u00f3\u0142praca z WINDYKATORZY.COM to wsparcie ludzi do\u015bwiadczonych, kreatywnych i konsekwentnych. Podstaw\u0105 sukcesu przedsi\u0119biorcy nie jest sprzeda\u017c towaru czy us\u0142ugi, ale uzyskanie zap\u0142aty za to.<\/p>\n<p>[\/et_pb_text][\/et_pb_column_inner][\/et_pb_row_inner][\/et_pb_column][\/et_pb_section][et_pb_section fb_built=&#8221;1&#8243; _builder_version=&#8221;4.3.2&#8243; background_color=&#8221;#e02b20&#8243; custom_padding=&#8221;18px||18px||true&#8221; hover_enabled=&#8221;0&#8243;][et_pb_row use_custom_gutter=&#8221;on&#8221; gutter_width=&#8221;2&#8243; make_equal=&#8221;on&#8221; _builder_version=&#8221;3.25.3&#8243; width=&#8221;98%&#8221; width_tablet=&#8221;90%&#8221; width_phone=&#8221;90%&#8221; width_last_edited=&#8221;on|tablet&#8221; max_width=&#8221;1140px&#8221; max_width_tablet=&#8221;90%&#8221; max_width_phone=&#8221;90%&#8221; max_width_last_edited=&#8221;on|phone&#8221;][et_pb_column type=&#8221;4_4&#8243; _builder_version=&#8221;3.25.3&#8243;][et_pb_text _builder_version=&#8221;4.3.2&#8243; header_font=&#8221;Poppins|800|||||||&#8221; header_text_align=&#8221;center&#8221; header_text_color=&#8221;#ffffff&#8221; header_line_height=&#8221;1.9em&#8221; custom_margin=&#8221;||&#8221; custom_padding=&#8221;10px||&#8221; header_font_size_tablet=&#8221;&#8221; header_font_size_phone=&#8221;25px&#8221; header_font_size_last_edited=&#8221;on|desktop&#8221; header_line_height_tablet=&#8221;&#8221; header_line_height_phone=&#8221;1.3em&#8221; header_line_height_last_edited=&#8221;on|desktop&#8221;]<\/p>\n<h1>Z WINDYKATORZY.COM pewne s\u0105\u2026 \u015bmier\u0107, podatki i\u2026 zap\u0142ata d\u0142ug\u00f3w!<\/h1>\n<p>[\/et_pb_text][\/et_pb_column][\/et_pb_row][\/et_pb_section]<\/p>\n","protected":false},"excerpt":{"rendered":"<p>[et_pb_section fb_built=&#8221;1&#8243; _builder_version=&#8221;4.3.2&#8243; background_enable_color=&#8221;off&#8221; use_background_color_gradient=&#8221;on&#8221; background_color_gradient_start=&#8221;rgba(255,255,255,0.84)&#8221; background_color_gradient_end=&#8221;rgba(255,255,255,0)&#8221; background_color_gradient_direction=&#8221;130deg&#8221; background_image=&#8221;http:\/\/serwer2200102.home.pl\/windykatorzy\/wp-content\/uploads\/2020\/05\/canary-islands-91013_1280.jpg&#8221; background_blend=&#8221;overlay&#8221; custom_padding=&#8221;7.5%||7.5%||true|&#8221;][et_pb_row use_custom_gutter=&#8221;on&#8221; gutter_width=&#8221;2&#8243; make_equal=&#8221;on&#8221; _builder_version=&#8221;3.25.3&#8243; width=&#8221;98%&#8221; width_tablet=&#8221;90%&#8221; width_phone=&#8221;90%&#8221; width_last_edited=&#8221;on|tablet&#8221; max_width=&#8221;1140px&#8221; max_width_tablet=&#8221;90%&#8221; max_width_phone=&#8221;90%&#8221; max_width_last_edited=&#8221;on|phone&#8221; custom_margin=&#8221;|auto||131px||&#8221; animation_style=&#8221;slide&#8221; animation_direction=&#8221;left&#8221;][et_pb_column type=&#8221;4_4&#8243; _builder_version=&#8221;3.25.3&#8243;][et_pb_text _builder_version=&#8221;4.3.2&#8243; header_font=&#8221;Poppins|700||on|||||&#8221; header_text_color=&#8221;#2c394c&#8221; header_font_size=&#8221;50px&#8221; header_line_height=&#8221;1.1em&#8221; max_width=&#8221;700px&#8221; max_width_tablet=&#8221;70%&#8221; max_width_phone=&#8221;70%&#8221; max_width_last_edited=&#8221;on|tablet&#8221; custom_margin=&#8221;-23px||&#8221; header_font_size_tablet=&#8221;&#8221; header_font_size_phone=&#8221;25px&#8221; header_font_size_last_edited=&#8221;on|desktop&#8221; header_line_height_tablet=&#8221;&#8221; header_line_height_phone=&#8221;1.3em&#8221; header_line_height_last_edited=&#8221;on|desktop&#8221;] Windykacja przeds\u0105dowa [\/et_pb_text][et_pb_text _builder_version=&#8221;4.3.2&#8243; text_font=&#8221;Muli||||||||&#8221; text_text_color=&#8221;#000000&#8243; text_font_size=&#8221;18px&#8221; text_line_height=&#8221;1.8em&#8221; text_orientation=&#8221;justified&#8221; max_width=&#8221;489px&#8221; max_width_tablet=&#8221;&#8221; [&hellip;]<\/p>\n","protected":false},"author":2,"featured_media":0,"parent":0,"menu_order":0,"comment_status":"closed","ping_status":"closed","template":"","meta":{"_et_pb_use_builder":"on","_et_pb_old_content":"","_et_gb_content_width":""},"yst_prominent_words":[7,17,34,6,10,4,13,16,127,11,15,5,12,14],"_links":{"self":[{"href":"http:\/\/windykatorzy.com\/index.php\/wp-json\/wp\/v2\/pages\/11"}],"collection":[{"href":"http:\/\/windykatorzy.com\/index.php\/wp-json\/wp\/v2\/pages"}],"about":[{"href":"http:\/\/windykatorzy.com\/index.php\/wp-json\/wp\/v2\/types\/page"}],"author":[{"embeddable":true,"href":"http:\/\/windykatorzy.com\/index.php\/wp-json\/wp\/v2\/users\/2"}],"replies":[{"embeddable":true,"href":"http:\/\/windykatorzy.com\/index.php\/wp-json\/wp\/v2\/comments?post=11"}],"version-history":[{"count":12,"href":"http:\/\/windykatorzy.com\/index.php\/wp-json\/wp\/v2\/pages\/11\/revisions"}],"predecessor-version":[{"id":275,"href":"http:\/\/windykatorzy.com\/index.php\/wp-json\/wp\/v2\/pages\/11\/revisions\/275"}],"wp:attachment":[{"href":"http:\/\/windykatorzy.com\/index.php\/wp-json\/wp\/v2\/media?parent=11"}],"wp:term":[{"taxonomy":"yst_prominent_words","embeddable":true,"href":"http:\/\/windykatorzy.com\/index.php\/wp-json\/wp\/v2\/yst_prominent_words?post=11"}],"curies":[{"name":"wp","href":"https:\/\/api.w.org\/{rel}","templated":true}]}}