{"id":14,"date":"2020-02-22T10:56:23","date_gmt":"2020-02-22T09:56:23","guid":{"rendered":"http:\/\/serwer2200102.home.pl\/windykatorzy\/index.php\/doradztwo-biznesowe\/"},"modified":"2020-05-06T16:28:43","modified_gmt":"2020-05-06T14:28:43","slug":"rejestr-dluznikow","status":"publish","type":"page","link":"http:\/\/windykatorzy.com\/index.php\/rejestr-dluznikow\/","title":{"rendered":"Rejestr d\u0142u\u017cnik\u00f3w"},"content":{"rendered":"<p>[et_pb_section fb_built=&#8221;1&#8243; _builder_version=&#8221;4.3.2&#8243; background_enable_color=&#8221;off&#8221; use_background_color_gradient=&#8221;on&#8221; background_color_gradient_start=&#8221;rgba(255,255,255,0.84)&#8221; background_color_gradient_end=&#8221;rgba(255,255,255,0)&#8221; background_color_gradient_direction=&#8221;130deg&#8221; background_image=&#8221;http:\/\/serwer2200102.home.pl\/windykatorzy\/wp-content\/uploads\/2020\/05\/canary-islands-91013_1280.jpg&#8221; background_blend=&#8221;overlay&#8221; custom_padding=&#8221;7.5%||7.5%||true|&#8221;][et_pb_row use_custom_gutter=&#8221;on&#8221; gutter_width=&#8221;2&#8243; make_equal=&#8221;on&#8221; _builder_version=&#8221;3.25.3&#8243; width=&#8221;98%&#8221; width_tablet=&#8221;90%&#8221; width_phone=&#8221;90%&#8221; width_last_edited=&#8221;on|tablet&#8221; max_width=&#8221;1140px&#8221; max_width_tablet=&#8221;90%&#8221; max_width_phone=&#8221;90%&#8221; max_width_last_edited=&#8221;on|phone&#8221; custom_margin=&#8221;|auto||131px||&#8221; animation_style=&#8221;slide&#8221; animation_direction=&#8221;left&#8221;][et_pb_column type=&#8221;4_4&#8243; _builder_version=&#8221;3.25.3&#8243;][et_pb_text _builder_version=&#8221;4.3.2&#8243; header_font=&#8221;Poppins|700||on|||||&#8221; header_text_color=&#8221;#2c394c&#8221; header_font_size=&#8221;50px&#8221; header_line_height=&#8221;1.1em&#8221; max_width=&#8221;700px&#8221; max_width_tablet=&#8221;70%&#8221; max_width_phone=&#8221;70%&#8221; max_width_last_edited=&#8221;on|tablet&#8221; custom_margin=&#8221;-23px||&#8221; header_font_size_tablet=&#8221;&#8221; header_font_size_phone=&#8221;25px&#8221; header_font_size_last_edited=&#8221;on|desktop&#8221; header_line_height_tablet=&#8221;&#8221; header_line_height_phone=&#8221;1.3em&#8221; header_line_height_last_edited=&#8221;on|desktop&#8221;]<\/p>\n<h1>Gie\u0142da d\u0142ug\u00f3w<\/h1>\n<p>[\/et_pb_text][et_pb_text _builder_version=&#8221;4.3.2&#8243; text_font=&#8221;Muli||||||||&#8221; text_text_color=&#8221;#000000&#8243; text_font_size=&#8221;18px&#8221; text_line_height=&#8221;1.8em&#8221; text_orientation=&#8221;justified&#8221; max_width=&#8221;489px&#8221; max_width_tablet=&#8221;&#8221; max_width_phone=&#8221;60%&#8221; max_width_last_edited=&#8221;on|desktop&#8221; custom_margin=&#8221;-16px||&#8221;]<\/p>\n<p>Cz\u0142owiek z d\u0142ugami jest jak wrak. Nie zwlekaj! Sp\u0142a\u0107 d\u0142ugi i przesta\u0144 by\u0107 wrakiem cz\u0142owieka. Zacznij \u017cy\u0107 na nowo.<\/p>\n<p>[\/et_pb_text][\/et_pb_column][\/et_pb_row][\/et_pb_section][et_pb_section fb_built=&#8221;1&#8243; _builder_version=&#8221;4.3.2&#8243; background_color=&#8221;#777777&#8243; custom_padding=&#8221;0px||0px||true|&#8221;][et_pb_row use_custom_gutter=&#8221;on&#8221; gutter_width=&#8221;2&#8243; make_equal=&#8221;on&#8221; _builder_version=&#8221;3.25.3&#8243; width=&#8221;98%&#8221; width_tablet=&#8221;90%&#8221; width_phone=&#8221;90%&#8221; width_last_edited=&#8221;on|tablet&#8221; max_width=&#8221;1140px&#8221; max_width_tablet=&#8221;90%&#8221; max_width_phone=&#8221;90%&#8221; max_width_last_edited=&#8221;on|phone&#8221;][et_pb_column type=&#8221;4_4&#8243; _builder_version=&#8221;3.25.3&#8243;][et_pb_text _builder_version=&#8221;4.3.2&#8243; header_font=&#8221;Muli|800|||||||&#8221; header_text_align=&#8221;center&#8221; header_text_color=&#8221;#ffffff&#8221; header_font_size=&#8221;20px&#8221; header_line_height=&#8221;1.6em&#8221; custom_margin=&#8221;||&#8221; custom_padding=&#8221;10px||&#8221; header_font_size_tablet=&#8221;&#8221; header_font_size_phone=&#8221;25px&#8221; header_font_size_last_edited=&#8221;on|desktop&#8221; header_line_height_tablet=&#8221;&#8221; header_line_height_phone=&#8221;1.3em&#8221; header_line_height_last_edited=&#8221;on|desktop&#8221;]<\/p>\n<h1>Zdobyte na przestrzeni lat do\u015bwiadczenie, pozwoli\u0142o nam na zaproponowanie naszym klientom us\u0142ug gwarantuj\u0105cych skuteczn\u0105 i kompleksow\u0105 obs\u0142ug\u0119 windykacyjn\u0105.<\/h1>\n<p>[\/et_pb_text][\/et_pb_column][\/et_pb_row][\/et_pb_section][et_pb_section fb_built=&#8221;1&#8243; _builder_version=&#8221;3.25.3&#8243; custom_padding=&#8221;20px||20px||true|&#8221;][et_pb_row column_structure=&#8221;1_2,1_2&#8243; use_custom_gutter=&#8221;on&#8221; make_equal=&#8221;on&#8221; _builder_version=&#8221;4.3.2&#8243; width=&#8221;98%&#8221; width_tablet=&#8221;90%&#8221; width_phone=&#8221;90%&#8221; width_last_edited=&#8221;on|tablet&#8221; max_width=&#8221;1140px&#8221; max_width_tablet=&#8221;90%&#8221; max_width_phone=&#8221;90%&#8221; max_width_last_edited=&#8221;on|phone&#8221;][et_pb_column type=&#8221;1_2&#8243; _builder_version=&#8221;3.25.3&#8243;][et_pb_text _builder_version=&#8221;4.3.2&#8243; text_font=&#8221;Muli||||||||&#8221; text_text_color=&#8221;#000000&#8243; text_font_size=&#8221;16px&#8221; text_line_height=&#8221;1.8em&#8221; text_orientation=&#8221;justified&#8221; custom_margin_tablet=&#8221;|||0px&#8221; custom_margin_phone=&#8221;|||0px&#8221; custom_margin_last_edited=&#8221;on|desktop&#8221; custom_padding_tablet=&#8221;|||25px&#8221; custom_padding_phone=&#8221;|||20px&#8221; custom_padding_last_edited=&#8221;on|desktop&#8221; border_color_left=&#8221;#008dd2&#8243;]<\/p>\n<p><span style=\"color: #000000;\">Wpis na list\u0119 d\u0142u\u017cnik\u00f3w w rejestrach WINDYKATORZY.COM jest realizowany\u00a0 automatycznie na podstawie analizy dokument\u00f3w przekazanych przez klienta. Nast\u0119pnie wszelkie dane o zad\u0142u\u017ceniu d\u0142u\u017cnika s\u0105 przekazywane do system\u00f3w bankowych i rejestr\u00f3w d\u0142u\u017cnik\u00f3w w ca\u0142ym kraju. Jednocze\u015bnie, najcz\u0119\u015bciej w miejscu pobytu i pracy d\u0142u\u017cnika, prowadzimy szeroko zakrojon\u0105 akcj\u0119 informacyjn\u0105 o jego aktualnej sytuacji finansowej.<\/span><\/p>\n<p>Podstaw\u0105 prawn\u0105 naszych dzia\u0142a\u0144 jest:<\/p>\n<ul>\n<li>kodeks cywilny (art.509 \u00a71 KC)\u00a0dopuszczaj\u0105cy zasad\u0119 przelewu wierzytelno\u015bci;<\/li>\n<li>ustawa o ochronie danych osobowych (Dz. U. z 2002 r. Nr 101,\u00a0 poz. 926 ze zm.);<\/li>\n<li>ustawa o udost\u0119pnianiu informacji gospodarczych \u2013\u00a0 w my\u015bl rozdz. 2 art. 3 ustawy KGW<br \/> zajmuje\u00a0si\u0119 udost\u0119pnianiem informacji gospodarczych w celu sprzeda\u017cy wierzytelno\u015bci<br \/> przez og\u0142oszenie publiczne (Dz. U. z 2003 Nr 50, poz. 424);<\/li>\n<li>ustawa o restrukturyzacji finansowej przedsi\u0119biorstw i bank\u00f3w (Dz. U. z 1993 Nr<br \/> 18,poz.82).<\/li>\n<\/ul>\n<p>Maj\u0105c na wzgl\u0119dzie powy\u017csze, ponie\u017cej udost\u0119pniamy dane d\u0142u\u017cnik\u00f3w. W przypadku, gdy lista jest pusta, wszyscy d\u0142u\u017cnicy dokonali sp\u0142aty zobowi\u0105za\u0144 lub maj\u0105 zawarte ugody w tym zakresie.<\/p>\n<p>[\/et_pb_text][\/et_pb_column][et_pb_column type=&#8221;1_2&#8243; _builder_version=&#8221;4.3.2&#8243; background_enable_image=&#8221;off&#8221; parallax=&#8221;on&#8221;][et_pb_image src=&#8221;http:\/\/serwer2200102.home.pl\/windykatorzy\/wp-content\/uploads\/2020\/05\/archive-1850170_640.jpg&#8221; _builder_version=&#8221;4.3.2&#8243; box_shadow_style=&#8221;preset2&#8243;][\/et_pb_image][\/et_pb_column][\/et_pb_row][et_pb_row _builder_version=&#8221;4.3.2&#8243;][et_pb_column type=&#8221;4_4&#8243; _builder_version=&#8221;4.3.2&#8243;][\/et_pb_column][\/et_pb_row][\/et_pb_section][et_pb_section fb_built=&#8221;1&#8243; make_equal=&#8221;on&#8221; use_custom_gutter=&#8221;on&#8221; gutter_width=&#8221;2&#8243; specialty=&#8221;on&#8221; _builder_version=&#8221;4.3.2&#8243; background_image=&#8221;http:\/\/serwer2200102.home.pl\/windykatorzy\/wp-content\/uploads\/2020\/02\/photo-of-people-doing-handshakes-3183197.jpg&#8221; parallax=&#8221;on&#8221; parallax_method=&#8221;off&#8221; inner_width=&#8221;98%&#8221; inner_width_tablet=&#8221;90%&#8221; inner_width_phone=&#8221;90%&#8221; inner_width_last_edited=&#8221;on|tablet&#8221; inner_max_width=&#8221;1140px&#8221; inner_max_width_tablet=&#8221;90%&#8221; inner_max_width_phone=&#8221;90%&#8221; inner_max_width_last_edited=&#8221;on|tablet&#8221; custom_padding=&#8221;0px||0px||true|&#8221;][et_pb_column type=&#8221;1_3&#8243; _builder_version=&#8221;3.25&#8243; custom_padding=&#8221;|||&#8221; custom_padding__hover=&#8221;|||&#8221;][\/et_pb_column][et_pb_column type=&#8221;2_3&#8243; specialty_columns=&#8221;2&#8243; _builder_version=&#8221;3.25&#8243; custom_padding=&#8221;|||&#8221; custom_padding__hover=&#8221;|||&#8221;][et_pb_row_inner _builder_version=&#8221;4.3.2&#8243; custom_padding=&#8221;20%||20%||true|false&#8221;][et_pb_column_inner saved_specialty_column_type=&#8221;2_3&#8243; _builder_version=&#8221;3.25.3&#8243;][et_pb_text _builder_version=&#8221;4.3.2&#8243; text_font=&#8221;Muli|500|||||||&#8221; text_text_color=&#8221;#ffffff&#8221; text_font_size=&#8221;19px&#8221; text_line_height=&#8221;1.8em&#8221; background_color=&#8221;rgba(0,0,0,0.84)&#8221; text_orientation=&#8221;center&#8221; custom_padding=&#8221;20px|20px|20px|20px|true|true&#8221;]<\/p>\n<p>Nasza us\u0142uga to co\u015b wi\u0119cej ni\u017c windykacja wierzytelno\u015bci. Wsp\u00f3\u0142praca z WINDYKATORZY.COM to wsparcie ludzi do\u015bwiadczonych, kreatywnych i konsekwentnych. Podstaw\u0105 sukcesu przedsi\u0119biorcy nie jest sprzeda\u017c towaru czy us\u0142ugi, ale uzyskanie zap\u0142aty za to.<\/p>\n<p>[\/et_pb_text][\/et_pb_column_inner][\/et_pb_row_inner][\/et_pb_column][\/et_pb_section][et_pb_section fb_built=&#8221;1&#8243; _builder_version=&#8221;4.3.2&#8243; background_color=&#8221;#e02b20&#8243; custom_padding=&#8221;18px||18px||true&#8221;][et_pb_row use_custom_gutter=&#8221;on&#8221; gutter_width=&#8221;2&#8243; make_equal=&#8221;on&#8221; _builder_version=&#8221;3.25.3&#8243; width=&#8221;98%&#8221; width_tablet=&#8221;90%&#8221; width_phone=&#8221;90%&#8221; width_last_edited=&#8221;on|tablet&#8221; max_width=&#8221;1140px&#8221; max_width_tablet=&#8221;90%&#8221; max_width_phone=&#8221;90%&#8221; max_width_last_edited=&#8221;on|phone&#8221;][et_pb_column type=&#8221;4_4&#8243; _builder_version=&#8221;3.25.3&#8243;][et_pb_text _builder_version=&#8221;4.3.2&#8243; header_font=&#8221;Poppins|800|||||||&#8221; header_text_align=&#8221;center&#8221; header_text_color=&#8221;#ffffff&#8221; header_line_height=&#8221;1.9em&#8221; custom_margin=&#8221;||&#8221; custom_padding=&#8221;10px||&#8221; header_font_size_tablet=&#8221;&#8221; header_font_size_phone=&#8221;25px&#8221; header_font_size_last_edited=&#8221;on|desktop&#8221; header_line_height_tablet=&#8221;&#8221; header_line_height_phone=&#8221;1.3em&#8221; header_line_height_last_edited=&#8221;on|desktop&#8221;]<\/p>\n<h1>Z WINDYKATORZY.COM pewne s\u0105\u2026 \u015bmier\u0107, podatki i\u2026 zap\u0142ata d\u0142ug\u00f3w!<\/h1>\n<p>[\/et_pb_text][\/et_pb_column][\/et_pb_row][\/et_pb_section]<\/p>\n","protected":false},"excerpt":{"rendered":"<p>[et_pb_section fb_built=&#8221;1&#8243; _builder_version=&#8221;4.3.2&#8243; background_enable_color=&#8221;off&#8221; use_background_color_gradient=&#8221;on&#8221; background_color_gradient_start=&#8221;rgba(255,255,255,0.84)&#8221; background_color_gradient_end=&#8221;rgba(255,255,255,0)&#8221; background_color_gradient_direction=&#8221;130deg&#8221; background_image=&#8221;http:\/\/serwer2200102.home.pl\/windykatorzy\/wp-content\/uploads\/2020\/05\/canary-islands-91013_1280.jpg&#8221; background_blend=&#8221;overlay&#8221; custom_padding=&#8221;7.5%||7.5%||true|&#8221;][et_pb_row use_custom_gutter=&#8221;on&#8221; gutter_width=&#8221;2&#8243; make_equal=&#8221;on&#8221; _builder_version=&#8221;3.25.3&#8243; width=&#8221;98%&#8221; width_tablet=&#8221;90%&#8221; width_phone=&#8221;90%&#8221; width_last_edited=&#8221;on|tablet&#8221; max_width=&#8221;1140px&#8221; max_width_tablet=&#8221;90%&#8221; max_width_phone=&#8221;90%&#8221; max_width_last_edited=&#8221;on|phone&#8221; custom_margin=&#8221;|auto||131px||&#8221; animation_style=&#8221;slide&#8221; animation_direction=&#8221;left&#8221;][et_pb_column type=&#8221;4_4&#8243; _builder_version=&#8221;3.25.3&#8243;][et_pb_text _builder_version=&#8221;4.3.2&#8243; header_font=&#8221;Poppins|700||on|||||&#8221; header_text_color=&#8221;#2c394c&#8221; header_font_size=&#8221;50px&#8221; header_line_height=&#8221;1.1em&#8221; max_width=&#8221;700px&#8221; max_width_tablet=&#8221;70%&#8221; max_width_phone=&#8221;70%&#8221; max_width_last_edited=&#8221;on|tablet&#8221; custom_margin=&#8221;-23px||&#8221; header_font_size_tablet=&#8221;&#8221; header_font_size_phone=&#8221;25px&#8221; header_font_size_last_edited=&#8221;on|desktop&#8221; header_line_height_tablet=&#8221;&#8221; header_line_height_phone=&#8221;1.3em&#8221; header_line_height_last_edited=&#8221;on|desktop&#8221;] Gie\u0142da d\u0142ug\u00f3w [\/et_pb_text][et_pb_text _builder_version=&#8221;4.3.2&#8243; text_font=&#8221;Muli||||||||&#8221; text_text_color=&#8221;#000000&#8243; text_font_size=&#8221;18px&#8221; text_line_height=&#8221;1.8em&#8221; text_orientation=&#8221;justified&#8221; max_width=&#8221;489px&#8221; max_width_tablet=&#8221;&#8221; [&hellip;]<\/p>\n","protected":false},"author":2,"featured_media":0,"parent":0,"menu_order":0,"comment_status":"closed","ping_status":"closed","template":"","meta":{"_et_pb_use_builder":"on","_et_pb_old_content":"","_et_gb_content_width":""},"yst_prominent_words":[138,116,144,142,64,132,71,70,65,130,128,145,131,143,141,140,129,66,67,59],"_links":{"self":[{"href":"http:\/\/windykatorzy.com\/index.php\/wp-json\/wp\/v2\/pages\/14"}],"collection":[{"href":"http:\/\/windykatorzy.com\/index.php\/wp-json\/wp\/v2\/pages"}],"about":[{"href":"http:\/\/windykatorzy.com\/index.php\/wp-json\/wp\/v2\/types\/page"}],"author":[{"embeddable":true,"href":"http:\/\/windykatorzy.com\/index.php\/wp-json\/wp\/v2\/users\/2"}],"replies":[{"embeddable":true,"href":"http:\/\/windykatorzy.com\/index.php\/wp-json\/wp\/v2\/comments?post=14"}],"version-history":[{"count":20,"href":"http:\/\/windykatorzy.com\/index.php\/wp-json\/wp\/v2\/pages\/14\/revisions"}],"predecessor-version":[{"id":322,"href":"http:\/\/windykatorzy.com\/index.php\/wp-json\/wp\/v2\/pages\/14\/revisions\/322"}],"wp:attachment":[{"href":"http:\/\/windykatorzy.com\/index.php\/wp-json\/wp\/v2\/media?parent=14"}],"wp:term":[{"taxonomy":"yst_prominent_words","embeddable":true,"href":"http:\/\/windykatorzy.com\/index.php\/wp-json\/wp\/v2\/yst_prominent_words?post=14"}],"curies":[{"name":"wp","href":"https:\/\/api.w.org\/{rel}","templated":true}]}}