{"id":5,"date":"2020-02-22T10:56:22","date_gmt":"2020-02-22T09:56:22","guid":{"rendered":"http:\/\/serwer2200102.home.pl\/windykatorzy\/index.php\/strona-glowna\/"},"modified":"2020-05-08T08:44:08","modified_gmt":"2020-05-08T06:44:08","slug":"strona-glowna","status":"publish","type":"page","link":"http:\/\/windykatorzy.com\/","title":{"rendered":"Strona g\u0142\u00f3wna"},"content":{"rendered":"<p>[et_pb_section fb_built=&#8221;1&#8243; _builder_version=&#8221;4.3.2&#8243; background_enable_color=&#8221;off&#8221; use_background_color_gradient=&#8221;on&#8221; background_color_gradient_start=&#8221;rgba(255,255,255,0.84)&#8221; background_color_gradient_end=&#8221;rgba(255,255,255,0)&#8221; background_color_gradient_direction=&#8221;130deg&#8221; background_image=&#8221;http:\/\/serwer2200102.home.pl\/windykatorzy\/wp-content\/uploads\/2020\/05\/canary-islands-91013_1280.jpg&#8221; background_blend=&#8221;overlay&#8221; custom_padding=&#8221;7.5%||7.5%||true|&#8221;][et_pb_row use_custom_gutter=&#8221;on&#8221; gutter_width=&#8221;2&#8243; make_equal=&#8221;on&#8221; _builder_version=&#8221;3.25.3&#8243; width=&#8221;98%&#8221; width_tablet=&#8221;90%&#8221; width_phone=&#8221;90%&#8221; width_last_edited=&#8221;on|tablet&#8221; max_width=&#8221;1140px&#8221; max_width_tablet=&#8221;90%&#8221; max_width_phone=&#8221;90%&#8221; max_width_last_edited=&#8221;on|phone&#8221; custom_margin=&#8221;|auto||131px||&#8221; animation_style=&#8221;slide&#8221; animation_direction=&#8221;left&#8221;][et_pb_column type=&#8221;4_4&#8243; _builder_version=&#8221;3.25.3&#8243;][et_pb_text _builder_version=&#8221;4.3.2&#8243; header_font=&#8221;Poppins|700||on|||||&#8221; header_text_color=&#8221;#2c394c&#8221; header_font_size=&#8221;50px&#8221; header_line_height=&#8221;1.1em&#8221; max_width=&#8221;700px&#8221; max_width_tablet=&#8221;70%&#8221; max_width_phone=&#8221;70%&#8221; max_width_last_edited=&#8221;on|tablet&#8221; custom_margin=&#8221;-23px||&#8221; header_font_size_tablet=&#8221;&#8221; header_font_size_phone=&#8221;25px&#8221; header_font_size_last_edited=&#8221;on|desktop&#8221; header_line_height_tablet=&#8221;&#8221; header_line_height_phone=&#8221;1.3em&#8221; header_line_height_last_edited=&#8221;on|desktop&#8221;]<\/p>\n<h1>Windykacja wierzytelno\u015bci<\/h1>\n<p>[\/et_pb_text][et_pb_text _builder_version=&#8221;4.3.2&#8243; text_font=&#8221;Muli||||||||&#8221; text_text_color=&#8221;#000000&#8243; text_font_size=&#8221;18px&#8221; text_line_height=&#8221;1.8em&#8221; text_orientation=&#8221;justified&#8221; max_width=&#8221;489px&#8221; max_width_tablet=&#8221;&#8221; max_width_phone=&#8221;60%&#8221; max_width_last_edited=&#8221;on|desktop&#8221; custom_margin=&#8221;-16px||&#8221;]<\/p>\n<p>Cz\u0142owiek z d\u0142ugami jest jak wrak. Nie zwlekaj! Sp\u0142a\u0107 d\u0142ugi i przesta\u0144 by\u0107 wrakiem cz\u0142owieka. Zacznij \u017cy\u0107 na nowo.<\/p>\n<p>[\/et_pb_text][\/et_pb_column][\/et_pb_row][\/et_pb_section][et_pb_section fb_built=&#8221;1&#8243; _builder_version=&#8221;4.3.2&#8243; background_color=&#8221;#777777&#8243; custom_padding=&#8221;0px||0px||true|&#8221;][et_pb_row use_custom_gutter=&#8221;on&#8221; gutter_width=&#8221;2&#8243; make_equal=&#8221;on&#8221; _builder_version=&#8221;3.25.3&#8243; width=&#8221;98%&#8221; width_tablet=&#8221;90%&#8221; width_phone=&#8221;90%&#8221; width_last_edited=&#8221;on|tablet&#8221; max_width=&#8221;1140px&#8221; max_width_tablet=&#8221;90%&#8221; max_width_phone=&#8221;90%&#8221; max_width_last_edited=&#8221;on|phone&#8221;][et_pb_column type=&#8221;4_4&#8243; _builder_version=&#8221;3.25.3&#8243;][et_pb_text _builder_version=&#8221;4.3.2&#8243; header_font=&#8221;Muli|800|||||||&#8221; header_text_align=&#8221;center&#8221; header_text_color=&#8221;#ffffff&#8221; header_font_size=&#8221;20px&#8221; header_line_height=&#8221;1.6em&#8221; custom_margin=&#8221;||&#8221; custom_padding=&#8221;10px||&#8221; header_font_size_tablet=&#8221;&#8221; header_font_size_phone=&#8221;25px&#8221; header_font_size_last_edited=&#8221;on|desktop&#8221; header_line_height_tablet=&#8221;&#8221; header_line_height_phone=&#8221;1.3em&#8221; header_line_height_last_edited=&#8221;on|desktop&#8221;]<\/p>\n<h1>Zdobyte na przestrzeni lat do\u015bwiadczenie, pozwoli\u0142o nam na zaproponowanie naszym klientom us\u0142ug gwarantuj\u0105cych skuteczn\u0105 i kompleksow\u0105 obs\u0142ug\u0119 windykacyjn\u0105.<\/h1>\n<p>[\/et_pb_text][\/et_pb_column][\/et_pb_row][\/et_pb_section][et_pb_section fb_built=&#8221;1&#8243; _builder_version=&#8221;3.25.3&#8243; custom_padding=&#8221;20px||20px||true|&#8221;][et_pb_row column_structure=&#8221;1_2,1_2&#8243; use_custom_gutter=&#8221;on&#8221; make_equal=&#8221;on&#8221; _builder_version=&#8221;4.3.2&#8243; width=&#8221;98%&#8221; width_tablet=&#8221;90%&#8221; width_phone=&#8221;90%&#8221; width_last_edited=&#8221;on|tablet&#8221; max_width=&#8221;1140px&#8221; max_width_tablet=&#8221;90%&#8221; max_width_phone=&#8221;90%&#8221; max_width_last_edited=&#8221;on|phone&#8221; custom_padding=&#8221;247px|||||&#8221;][et_pb_column type=&#8221;1_2&#8243; _builder_version=&#8221;3.25.3&#8243;][et_pb_text _builder_version=&#8221;4.3.2&#8243; text_font=&#8221;Muli||||||||&#8221; text_text_color=&#8221;#000000&#8243; text_font_size=&#8221;16px&#8221; text_line_height=&#8221;1.8em&#8221; text_orientation=&#8221;justified&#8221; custom_margin_tablet=&#8221;|||0px&#8221; custom_margin_phone=&#8221;|||0px&#8221; custom_margin_last_edited=&#8221;on|desktop&#8221; custom_padding_tablet=&#8221;|||25px&#8221; custom_padding_phone=&#8221;|||20px&#8221; custom_padding_last_edited=&#8221;on|desktop&#8221; border_color_left=&#8221;#008dd2&#8243;]<\/p>\n<p>WINDYKATORZY.COM \u015bwiadcz\u0105 us\u0142ugi\u00a0 obs\u0142ugi wierzytelno\u015bci. Nie podejmujemy dzia\u0142a\u0144 maj\u0105cych na celu u\u0142atwianie d\u0142u\u017cnikom egzystencji. Naszym celem jest skuteczne i szybkie odzyskanie nale\u017cnych kwot od d\u0142u\u017cnika, czyli osoby kt\u00f3ra jest winna naszym klientom pieni\u0105dze. Nasza strategia opiera si\u0119 na zasadzie &#8222;zero tolerancji&#8221; wobec d\u0142u\u017cnik\u00f3w. Tylko dzi\u0119ki ca\u0142kowitej zap\u0142acie zobowi\u0105za\u0144, d\u0142u\u017cnik ma mo\u017cliwo\u015b\u0107 poprawi\u0107 swoj\u0105 sytuacj\u0119 prawn\u0105 i spo\u0142eczn\u0105 oraz b\u0119dzie m\u00f3g\u0142 zacz\u0105\u0107 prowadzi\u0107 spokojne \u017cycie.\u00a0 Regularnie monitorujemy i badamy mo\u017cliwo\u015bci finansowe oraz stan maj\u0105tkowy d\u0142u\u017cnik\u00f3w. Aktywnie i efektywnie poszukujemy nowych mo\u017cliwo\u015bci i metod, kt\u00f3re w jeszcze lepszy spos\u00f3b pozwol\u0105 na odzyskanie wierzytelno\u015bci dla naszych klient\u00f3w. Je\u015bli jeste\u015b d\u0142u\u017cnikiem, sp\u0142a\u0107 zad\u0142u\u017cenie aby m\u00f3c wr\u00f3ci\u0107 na rynek obrotu gospodarczego i odzyska\u0107 wiarygodno\u015b\u0107 finansow\u0105.<\/p>\n<p>[\/et_pb_text][\/et_pb_column][et_pb_column type=&#8221;1_2&#8243; _builder_version=&#8221;4.3.2&#8243; background_image=&#8221;http:\/\/serwer2200102.home.pl\/windykatorzy\/wp-content\/uploads\/2020\/05\/soldier-3124375_640.jpg&#8221; parallax=&#8221;on&#8221;][et_pb_divider show_divider=&#8221;off&#8221; _builder_version=&#8221;4.3.2&#8243;][\/et_pb_divider][\/et_pb_column][\/et_pb_row][et_pb_row column_structure=&#8221;1_2,1_2&#8243; use_custom_gutter=&#8221;on&#8221; make_equal=&#8221;on&#8221; _builder_version=&#8221;4.3.2&#8243; width=&#8221;98%&#8221; width_tablet=&#8221;90%&#8221; width_phone=&#8221;90%&#8221; width_last_edited=&#8221;on|tablet&#8221; max_width=&#8221;1140px&#8221; max_width_tablet=&#8221;90%&#8221; max_width_phone=&#8221;90%&#8221; max_width_last_edited=&#8221;on|phone&#8221; custom_padding=&#8221;||76px|||&#8221;][et_pb_column type=&#8221;1_2&#8243; _builder_version=&#8221;4.3.2&#8243; background_image=&#8221;http:\/\/serwer2200102.home.pl\/windykatorzy\/wp-content\/uploads\/2020\/05\/soldier-3124375_640.jpg&#8221; parallax=&#8221;on&#8221;][et_pb_divider show_divider=&#8221;off&#8221; _builder_version=&#8221;4.3.2&#8243;][\/et_pb_divider][\/et_pb_column][et_pb_column type=&#8221;1_2&#8243; _builder_version=&#8221;3.25.3&#8243;][et_pb_text _builder_version=&#8221;4.3.2&#8243; text_font=&#8221;Muli||||||||&#8221; text_text_color=&#8221;#000000&#8243; text_font_size=&#8221;16px&#8221; text_line_height=&#8221;1.8em&#8221; text_orientation=&#8221;justified&#8221; custom_margin_tablet=&#8221;|||0px&#8221; custom_margin_phone=&#8221;|||0px&#8221; custom_margin_last_edited=&#8221;on|desktop&#8221; custom_padding_tablet=&#8221;|||25px&#8221; custom_padding_phone=&#8221;|||20px&#8221; custom_padding_last_edited=&#8221;on|desktop&#8221; border_color_left=&#8221;#008dd2&#8243;]<\/p>\n<p>WINDYKATORZY.COM prowadzi skuteczn\u0105 windykacj\u0119 d\u0142ug\u00f3w, wychodz\u0105c jednocze\u015bnie naprzeciw oczekiwaniom naszych klient\u00f3w i zaskakuj\u0105c d\u0142u\u017cnik\u00f3w. Oferujemy do\u015bwiadczenie, kreatywno\u015b\u0107 i skuteczno\u015b\u0107 w odzyskiwaniu nale\u017cno\u015bci maj\u0105cych r\u00f3\u017cne podstawy prawne: tytu\u0142 wykonawczy, nakaz zap\u0142aty, umowa cywilno-prawna, nie rozliczone faktury, o\u015bwiadczenia, kontrakty, oraz w ka\u017cdym innym udokumentowanym przypadku.<\/p>\n<p>[\/et_pb_text][\/et_pb_column][\/et_pb_row][et_pb_row column_structure=&#8221;1_4,1_4,1_4,1_4&#8243; use_custom_gutter=&#8221;on&#8221; gutter_width=&#8221;2&#8243; make_equal=&#8221;on&#8221; _builder_version=&#8221;4.3.2&#8243; width=&#8221;90%&#8221; width_tablet=&#8221;90%&#8221; width_phone=&#8221;90%&#8221; width_last_edited=&#8221;on|tablet&#8221; max_width=&#8221;90%&#8221; max_width_tablet=&#8221;90%&#8221; max_width_phone=&#8221;90%&#8221; max_width_last_edited=&#8221;on|phone&#8221; custom_padding=&#8221;12px|||||&#8221;][et_pb_column type=&#8221;1_4&#8243; _builder_version=&#8221;3.25.3&#8243;][et_pb_image src=&#8221;http:\/\/serwer2200102.home.pl\/windykatorzy\/wp-content\/uploads\/2020\/05\/tie-690084_640.jpg&#8221; url=&#8221;http:\/\/serwer2200102.home.pl\/windykatorzy\/index.php\/windykacja\/&#8221; _builder_version=&#8221;4.3.2&#8243; box_shadow_style=&#8221;preset2&#8243; box_shadow_color=&#8221;#000000&#8243;][\/et_pb_image][et_pb_text _builder_version=&#8221;4.3.2&#8243; text_font=&#8221;Muli||||||||&#8221; text_text_color=&#8221;#424141&#8243; text_font_size=&#8221;15px&#8221; text_line_height=&#8221;1.8em&#8221; header_3_font=&#8221;Poppins|700|||||||&#8221; header_3_text_align=&#8221;center&#8221; header_3_text_color=&#8221;#2c394c&#8221; header_3_font_size=&#8221;23px&#8221; header_3_line_height=&#8221;1.2em&#8221; custom_padding=&#8221;8px||&#8221; link_option_url=&#8221;http:\/\/serwer2200102.home.pl\/windykatorzy\/index.php\/windykacja\/&#8221; header_3_text_color__hover_enabled=&#8221;on|desktop&#8221; header_3_text_color__hover=&#8221;#e02b20&#8243;]<\/p>\n<h3>Windykacja przeds\u0105dowa<\/h3>\n<p>[\/et_pb_text][\/et_pb_column][et_pb_column type=&#8221;1_4&#8243; _builder_version=&#8221;3.25.3&#8243;][et_pb_image src=&#8221;http:\/\/serwer2200102.home.pl\/windykatorzy\/wp-content\/uploads\/2020\/05\/hammer-620011_640.jpg&#8221; url=&#8221;http:\/\/serwer2200102.home.pl\/windykatorzy\/index.php\/postepowaniesadowe\/&#8221; align=&#8221;center&#8221; _builder_version=&#8221;4.3.2&#8243; min_height=&#8221;100px&#8221; height=&#8221;205px&#8221; box_shadow_style=&#8221;preset2&#8243; box_shadow_color=&#8221;#000000&#8243;][\/et_pb_image][et_pb_text _builder_version=&#8221;4.3.2&#8243; text_font=&#8221;Muli||||||||&#8221; text_text_color=&#8221;#424141&#8243; text_font_size=&#8221;15px&#8221; text_line_height=&#8221;1.8em&#8221; header_3_font=&#8221;Poppins|700|||||||&#8221; header_3_text_align=&#8221;center&#8221; header_3_text_color=&#8221;#2c394c&#8221; header_3_font_size=&#8221;23px&#8221; header_3_line_height=&#8221;1.2em&#8221; custom_padding=&#8221;8px||&#8221; link_option_url=&#8221;http:\/\/serwer2200102.home.pl\/windykatorzy\/index.php\/postepowaniesadowe\/&#8221; header_3_text_color__hover_enabled=&#8221;on|hover&#8221; header_3_text_color__hover=&#8221;#e02b20&#8243;]<\/p>\n<h3>Post\u0119powanie s\u0105dowe<\/h3>\n<p>[\/et_pb_text][\/et_pb_column][et_pb_column type=&#8221;1_4&#8243; _builder_version=&#8221;3.25.3&#8243;][et_pb_image src=&#8221;http:\/\/serwer2200102.home.pl\/windykatorzy\/wp-content\/uploads\/2020\/05\/dangerous-1282330_640.jpg&#8221; url=&#8221;http:\/\/serwer2200102.home.pl\/windykatorzy\/index.php\/egzekucjadlugow\/&#8221; _builder_version=&#8221;4.3.2&#8243; box_shadow_style=&#8221;preset2&#8243; box_shadow_color=&#8221;#000000&#8243;][\/et_pb_image][et_pb_text _builder_version=&#8221;4.3.2&#8243; text_font=&#8221;Muli||||||||&#8221; text_text_color=&#8221;#424141&#8243; text_font_size=&#8221;15px&#8221; text_line_height=&#8221;1.8em&#8221; header_3_font=&#8221;Poppins|700|||||||&#8221; header_3_text_align=&#8221;center&#8221; header_3_text_color=&#8221;#2c394c&#8221; header_3_font_size=&#8221;23px&#8221; header_3_line_height=&#8221;1.2em&#8221; custom_padding=&#8221;8px||&#8221; link_option_url=&#8221;http:\/\/serwer2200102.home.pl\/windykatorzy\/index.php\/egzekucjadlugow\/&#8221; header_3_text_color__hover_enabled=&#8221;on|hover&#8221; header_3_text_color__hover=&#8221;#e02b20&#8243;]<\/p>\n<h3>Egzekucja d\u0142ug\u00f3w<\/h3>\n<p>[\/et_pb_text][\/et_pb_column][et_pb_column type=&#8221;1_4&#8243; _builder_version=&#8221;3.25.3&#8243;][et_pb_image src=&#8221;http:\/\/serwer2200102.home.pl\/windykatorzy\/wp-content\/uploads\/2020\/05\/archive-1850170_640.jpg&#8221; url=&#8221;http:\/\/serwer2200102.home.pl\/windykatorzy\/index.php\/rejestr-dluznikow\/&#8221; _builder_version=&#8221;4.3.2&#8243; box_shadow_style=&#8221;preset2&#8243; box_shadow_color=&#8221;#000000&#8243;][\/et_pb_image][et_pb_text _builder_version=&#8221;4.3.2&#8243; text_font=&#8221;Muli||||||||&#8221; text_text_color=&#8221;#424141&#8243; text_font_size=&#8221;15px&#8221; text_line_height=&#8221;1.8em&#8221; header_3_font=&#8221;Poppins|700|||||||&#8221; header_3_text_align=&#8221;center&#8221; header_3_text_color=&#8221;#2c394c&#8221; header_3_font_size=&#8221;23px&#8221; header_3_line_height=&#8221;1.2em&#8221; custom_padding=&#8221;8px||&#8221; link_option_url=&#8221;http:\/\/serwer2200102.home.pl\/windykatorzy\/index.php\/rejestr-dluznikow\/&#8221; header_3_text_color__hover_enabled=&#8221;on|hover&#8221; header_3_text_color__hover=&#8221;#e02b20&#8243;]<\/p>\n<h3>Rejestr d\u0142u\u017cnik\u00f3w<\/h3>\n<p>[\/et_pb_text][\/et_pb_column][\/et_pb_row][\/et_pb_section][et_pb_section fb_built=&#8221;1&#8243; make_equal=&#8221;on&#8221; use_custom_gutter=&#8221;on&#8221; gutter_width=&#8221;2&#8243; specialty=&#8221;on&#8221; _builder_version=&#8221;4.3.2&#8243; background_image=&#8221;http:\/\/serwer2200102.home.pl\/windykatorzy\/wp-content\/uploads\/2020\/02\/photo-of-people-doing-handshakes-3183197.jpg&#8221; parallax=&#8221;on&#8221; parallax_method=&#8221;off&#8221; inner_width=&#8221;98%&#8221; inner_width_tablet=&#8221;90%&#8221; inner_width_phone=&#8221;90%&#8221; inner_width_last_edited=&#8221;on|tablet&#8221; inner_max_width=&#8221;1140px&#8221; inner_max_width_tablet=&#8221;90%&#8221; inner_max_width_phone=&#8221;90%&#8221; inner_max_width_last_edited=&#8221;on|tablet&#8221; custom_padding=&#8221;0px||0px||true|&#8221;][et_pb_column type=&#8221;1_3&#8243; _builder_version=&#8221;3.25&#8243; custom_padding=&#8221;|||&#8221; custom_padding__hover=&#8221;|||&#8221;][\/et_pb_column][et_pb_column type=&#8221;2_3&#8243; specialty_columns=&#8221;2&#8243; _builder_version=&#8221;3.25&#8243; custom_padding=&#8221;|||&#8221; custom_padding__hover=&#8221;|||&#8221;][et_pb_row_inner _builder_version=&#8221;4.3.2&#8243; custom_padding=&#8221;20%||20%||true|false&#8221;][et_pb_column_inner saved_specialty_column_type=&#8221;2_3&#8243; _builder_version=&#8221;3.25.3&#8243;][et_pb_text _builder_version=&#8221;4.3.2&#8243; text_font=&#8221;Muli|500|||||||&#8221; text_text_color=&#8221;#ffffff&#8221; text_font_size=&#8221;19px&#8221; text_line_height=&#8221;1.8em&#8221; background_color=&#8221;rgba(0,0,0,0.84)&#8221; text_orientation=&#8221;center&#8221; custom_padding=&#8221;20px|20px|20px|20px|true|true&#8221;]<\/p>\n<p>Nasza us\u0142uga to co\u015b wi\u0119cej ni\u017c windykacja wierzytelno\u015bci. Wsp\u00f3\u0142praca z WINDYKATORZY.COM to wsparcie ludzi do\u015bwiadczonych, kreatywnych i konsekwentnych. Podstaw\u0105 sukcesu przedsi\u0119biorcy nie jest sprzeda\u017c towaru czy us\u0142ugi, ale uzyskanie zap\u0142aty za to.<\/p>\n<p>[\/et_pb_text][\/et_pb_column_inner][\/et_pb_row_inner][\/et_pb_column][\/et_pb_section][et_pb_section fb_built=&#8221;1&#8243; _builder_version=&#8221;3.25.3&#8243; custom_padding=&#8221;40px||40px||true|&#8221;][et_pb_row column_structure=&#8221;1_2,1_2&#8243; use_custom_gutter=&#8221;on&#8221; gutter_width=&#8221;2&#8243; make_equal=&#8221;on&#8221; _builder_version=&#8221;4.3.2&#8243; width=&#8221;98%&#8221; width_tablet=&#8221;90%&#8221; width_phone=&#8221;90%&#8221; width_last_edited=&#8221;on|tablet&#8221; max_width=&#8221;1140px&#8221; max_width_tablet=&#8221;90%&#8221; max_width_phone=&#8221;90%&#8221; max_width_last_edited=&#8221;on|phone&#8221;][et_pb_column type=&#8221;1_2&#8243; _builder_version=&#8221;3.25.3&#8243; animation_style=&#8221;slide&#8221; animation_direction=&#8221;left&#8221; animation_duration=&#8221;1400ms&#8221; animation_delay=&#8221;500ms&#8221;][et_pb_text _builder_version=&#8221;4.3.2&#8243; text_font=&#8221;Muli||||||||&#8221; text_text_color=&#8221;#000000&#8243; text_font_size=&#8221;16px&#8221; text_line_height=&#8221;1.8em&#8221; text_orientation=&#8221;justified&#8221; custom_margin_tablet=&#8221;|||0px&#8221; custom_margin_phone=&#8221;|||0px&#8221; custom_margin_last_edited=&#8221;on|desktop&#8221; custom_padding_tablet=&#8221;|||25px&#8221; custom_padding_phone=&#8221;|||20px&#8221; custom_padding_last_edited=&#8221;on|desktop&#8221; border_color_left=&#8221;#008dd2&#8243;]<\/p>\n<p>Oferta WINDYKATORZY.COM jest kierowana do wszystkich przedsi\u0119biorc\u00f3w maj\u0105cych problemy z odzyskaniem nale\u017cno\u015bci od d\u0142u\u017cnika. Oferta dotyczy zar\u00f3wno tych, kt\u00f3rzy maj\u0105 ju\u017c za sob\u0105 etap s\u0105dowy i posiadaj\u0105 nakaz zap\u0142aty, ale tak\u017ce tych, kt\u00f3rych post\u0119powanie o odzyskanie wymagalnej nale\u017cno\u015bci dopiero si\u0119 rozpoczyna.<\/p>\n<p>W zale\u017cno\u015bci od etapu sprawy, windykacja odbywa si\u0119 na drodze polubownej, s\u0105dowej lub egzekucyjnej.<\/p>\n<p>Cechuje nas lojalno\u015b\u0107 wobec naszych klient\u00f3w, profesjonalizm i rzetelno\u015b\u0107 w dzia\u0142aniu, ale przede wszystkim konsekwencja w dzia\u0142aniach wobec d\u0142u\u017cnik\u00f3w. Wsp\u00f3\u0142praca z nami to pe\u0142ne bezpieczna i pewno\u015b\u0107. Nawet w najtrudniejszych sprawach, nasz klient mo\u017ce liczy\u0107 na nasze wsparcie. Potwierdzeniem tego s\u0105 liczne pozytywne opinie naszych sta\u0142ych klient\u00f3w oraz negatywne opinie d\u0142u\u017cnik\u00f3w. Zlecaj\u0105c nam prowadzenie windykacji, mo\u017cecie by\u0107 Pa\u0144stwo pewni, \u017ce zrealizujemy j\u0105 z dochowaniem nale\u017cytej staranno\u015bci i pe\u0142nym zaanga\u017cowaniem.<\/p>\n<p>&nbsp;<\/p>\n<p>[\/et_pb_text][\/et_pb_column][et_pb_column type=&#8221;1_2&#8243; _builder_version=&#8221;3.25.3&#8243;][et_pb_image src=&#8221;http:\/\/serwer2200102.home.pl\/windykatorzy\/wp-content\/uploads\/2020\/05\/thinking-4125016_640.jpg&#8221; align=&#8221;center&#8221; _builder_version=&#8221;4.3.2&#8243; animation_style=&#8221;roll&#8221; animation_duration=&#8221;1400ms&#8221; animation_delay=&#8221;500ms&#8221; border_radii=&#8221;on|1000px|1000px|1000px|1000px&#8221;][\/et_pb_image][\/et_pb_column][\/et_pb_row][\/et_pb_section][et_pb_section fb_built=&#8221;1&#8243; _builder_version=&#8221;4.3.2&#8243; background_color=&#8221;#e02b20&#8243; custom_padding=&#8221;18px||18px||true&#8221;][et_pb_row use_custom_gutter=&#8221;on&#8221; gutter_width=&#8221;2&#8243; make_equal=&#8221;on&#8221; _builder_version=&#8221;3.25.3&#8243; width=&#8221;98%&#8221; width_tablet=&#8221;90%&#8221; width_phone=&#8221;90%&#8221; width_last_edited=&#8221;on|tablet&#8221; max_width=&#8221;1140px&#8221; max_width_tablet=&#8221;90%&#8221; max_width_phone=&#8221;90%&#8221; max_width_last_edited=&#8221;on|phone&#8221;][et_pb_column type=&#8221;4_4&#8243; _builder_version=&#8221;3.25.3&#8243;][et_pb_text _builder_version=&#8221;4.3.2&#8243; header_font=&#8221;Poppins|800|||||||&#8221; header_text_align=&#8221;center&#8221; header_text_color=&#8221;#ffffff&#8221; header_line_height=&#8221;1.9em&#8221; custom_margin=&#8221;||&#8221; custom_padding=&#8221;10px||&#8221; header_font_size_tablet=&#8221;&#8221; header_font_size_phone=&#8221;25px&#8221; header_font_size_last_edited=&#8221;on|desktop&#8221; header_line_height_tablet=&#8221;&#8221; header_line_height_phone=&#8221;1.3em&#8221; header_line_height_last_edited=&#8221;on|desktop&#8221;]<\/p>\n<h1>Z WINDYKATORZY.COM pewne s\u0105&#8230; \u015bmier\u0107, podatki i&#8230; zap\u0142ata d\u0142ug\u00f3w!<\/h1>\n<p>[\/et_pb_text][\/et_pb_column][\/et_pb_row][\/et_pb_section]<\/p>\n","protected":false},"excerpt":{"rendered":"<p>[et_pb_section fb_built=&#8221;1&#8243; _builder_version=&#8221;4.3.2&#8243; background_enable_color=&#8221;off&#8221; use_background_color_gradient=&#8221;on&#8221; background_color_gradient_start=&#8221;rgba(255,255,255,0.84)&#8221; background_color_gradient_end=&#8221;rgba(255,255,255,0)&#8221; background_color_gradient_direction=&#8221;130deg&#8221; background_image=&#8221;http:\/\/serwer2200102.home.pl\/windykatorzy\/wp-content\/uploads\/2020\/05\/canary-islands-91013_1280.jpg&#8221; background_blend=&#8221;overlay&#8221; custom_padding=&#8221;7.5%||7.5%||true|&#8221;][et_pb_row use_custom_gutter=&#8221;on&#8221; gutter_width=&#8221;2&#8243; make_equal=&#8221;on&#8221; _builder_version=&#8221;3.25.3&#8243; width=&#8221;98%&#8221; width_tablet=&#8221;90%&#8221; width_phone=&#8221;90%&#8221; width_last_edited=&#8221;on|tablet&#8221; max_width=&#8221;1140px&#8221; max_width_tablet=&#8221;90%&#8221; max_width_phone=&#8221;90%&#8221; max_width_last_edited=&#8221;on|phone&#8221; custom_margin=&#8221;|auto||131px||&#8221; animation_style=&#8221;slide&#8221; animation_direction=&#8221;left&#8221;][et_pb_column type=&#8221;4_4&#8243; _builder_version=&#8221;3.25.3&#8243;][et_pb_text _builder_version=&#8221;4.3.2&#8243; header_font=&#8221;Poppins|700||on|||||&#8221; header_text_color=&#8221;#2c394c&#8221; header_font_size=&#8221;50px&#8221; header_line_height=&#8221;1.1em&#8221; max_width=&#8221;700px&#8221; max_width_tablet=&#8221;70%&#8221; max_width_phone=&#8221;70%&#8221; max_width_last_edited=&#8221;on|tablet&#8221; custom_margin=&#8221;-23px||&#8221; header_font_size_tablet=&#8221;&#8221; header_font_size_phone=&#8221;25px&#8221; header_font_size_last_edited=&#8221;on|desktop&#8221; header_line_height_tablet=&#8221;&#8221; header_line_height_phone=&#8221;1.3em&#8221; header_line_height_last_edited=&#8221;on|desktop&#8221;] Windykacja wierzytelno\u015bci [\/et_pb_text][et_pb_text _builder_version=&#8221;4.3.2&#8243; text_font=&#8221;Muli||||||||&#8221; text_text_color=&#8221;#000000&#8243; text_font_size=&#8221;18px&#8221; text_line_height=&#8221;1.8em&#8221; text_orientation=&#8221;justified&#8221; max_width=&#8221;489px&#8221; max_width_tablet=&#8221;&#8221; [&hellip;]<\/p>\n","protected":false},"author":2,"featured_media":0,"parent":0,"menu_order":0,"comment_status":"closed","ping_status":"closed","template":"","meta":{"_et_pb_use_builder":"on","_et_pb_old_content":"","_et_gb_content_width":""},"yst_prominent_words":[64,71,70,65,75,34,6,68,77,62,72,69,76,74,12,66,63,61,67,73],"_links":{"self":[{"href":"http:\/\/windykatorzy.com\/index.php\/wp-json\/wp\/v2\/pages\/5"}],"collection":[{"href":"http:\/\/windykatorzy.com\/index.php\/wp-json\/wp\/v2\/pages"}],"about":[{"href":"http:\/\/windykatorzy.com\/index.php\/wp-json\/wp\/v2\/types\/page"}],"author":[{"embeddable":true,"href":"http:\/\/windykatorzy.com\/index.php\/wp-json\/wp\/v2\/users\/2"}],"replies":[{"embeddable":true,"href":"http:\/\/windykatorzy.com\/index.php\/wp-json\/wp\/v2\/comments?post=5"}],"version-history":[{"count":30,"href":"http:\/\/windykatorzy.com\/index.php\/wp-json\/wp\/v2\/pages\/5\/revisions"}],"predecessor-version":[{"id":346,"href":"http:\/\/windykatorzy.com\/index.php\/wp-json\/wp\/v2\/pages\/5\/revisions\/346"}],"wp:attachment":[{"href":"http:\/\/windykatorzy.com\/index.php\/wp-json\/wp\/v2\/media?parent=5"}],"wp:term":[{"taxonomy":"yst_prominent_words","embeddable":true,"href":"http:\/\/windykatorzy.com\/index.php\/wp-json\/wp\/v2\/yst_prominent_words?post=5"}],"curies":[{"name":"wp","href":"https:\/\/api.w.org\/{rel}","templated":true}]}}