{"id":7,"date":"2020-02-22T10:56:22","date_gmt":"2020-02-22T09:56:22","guid":{"rendered":"http:\/\/serwer2200102.home.pl\/windykatorzy\/index.php\/cennik\/"},"modified":"2020-05-06T10:05:01","modified_gmt":"2020-05-06T08:05:01","slug":"cennik-windykacja","status":"publish","type":"page","link":"http:\/\/windykatorzy.com\/index.php\/cennik-windykacja\/","title":{"rendered":"Cennik"},"content":{"rendered":"<p>[et_pb_section fb_built=&#8221;1&#8243; _builder_version=&#8221;4.3.2&#8243; background_enable_color=&#8221;off&#8221; use_background_color_gradient=&#8221;on&#8221; background_color_gradient_start=&#8221;rgba(255,255,255,0.84)&#8221; background_color_gradient_end=&#8221;rgba(255,255,255,0)&#8221; background_color_gradient_direction=&#8221;130deg&#8221; background_image=&#8221;http:\/\/serwer2200102.home.pl\/windykatorzy\/wp-content\/uploads\/2020\/05\/canary-islands-91013_1280.jpg&#8221; background_blend=&#8221;overlay&#8221; custom_padding=&#8221;7.5%||7.5%||true|&#8221;][et_pb_row use_custom_gutter=&#8221;on&#8221; gutter_width=&#8221;2&#8243; make_equal=&#8221;on&#8221; _builder_version=&#8221;3.25.3&#8243; width=&#8221;98%&#8221; width_tablet=&#8221;90%&#8221; width_phone=&#8221;90%&#8221; width_last_edited=&#8221;on|tablet&#8221; max_width=&#8221;1140px&#8221; max_width_tablet=&#8221;90%&#8221; max_width_phone=&#8221;90%&#8221; max_width_last_edited=&#8221;on|phone&#8221; custom_margin=&#8221;|auto||131px||&#8221; animation_style=&#8221;slide&#8221; animation_direction=&#8221;left&#8221;][et_pb_column type=&#8221;4_4&#8243; _builder_version=&#8221;3.25.3&#8243;][et_pb_text _builder_version=&#8221;4.3.2&#8243; header_font=&#8221;Poppins|700||on|||||&#8221; header_text_color=&#8221;#2c394c&#8221; header_font_size=&#8221;50px&#8221; header_line_height=&#8221;1.1em&#8221; max_width=&#8221;700px&#8221; max_width_tablet=&#8221;70%&#8221; max_width_phone=&#8221;70%&#8221; max_width_last_edited=&#8221;on|tablet&#8221; custom_margin=&#8221;-23px||&#8221; hover_enabled=&#8221;0&#8243; header_font_size_tablet=&#8221;&#8221; header_font_size_phone=&#8221;25px&#8221; header_font_size_last_edited=&#8221;on|desktop&#8221; header_line_height_tablet=&#8221;&#8221; header_line_height_phone=&#8221;1.3em&#8221; header_line_height_last_edited=&#8221;on|desktop&#8221;]<\/p>\n<h1>Cennik windykacji<\/h1>\n<p>[\/et_pb_text][et_pb_text _builder_version=&#8221;4.3.2&#8243; text_font=&#8221;Muli||||||||&#8221; text_text_color=&#8221;#000000&#8243; text_font_size=&#8221;18px&#8221; text_line_height=&#8221;1.8em&#8221; text_orientation=&#8221;justified&#8221; max_width=&#8221;489px&#8221; max_width_tablet=&#8221;&#8221; max_width_phone=&#8221;60%&#8221; max_width_last_edited=&#8221;on|desktop&#8221; custom_margin=&#8221;-16px||&#8221;]<\/p>\n<p>Cz\u0142owiek z d\u0142ugami jest jak wrak. Nie zwlekaj! Sp\u0142a\u0107 d\u0142ugi i przesta\u0144 by\u0107 wrakiem cz\u0142owieka. Zacznij \u017cy\u0107 na nowo.<\/p>\n<p>[\/et_pb_text][\/et_pb_column][\/et_pb_row][\/et_pb_section][et_pb_section fb_built=&#8221;1&#8243; _builder_version=&#8221;4.3.2&#8243; background_color=&#8221;#777777&#8243; custom_padding=&#8221;0px||0px||true|&#8221;][et_pb_row use_custom_gutter=&#8221;on&#8221; gutter_width=&#8221;2&#8243; make_equal=&#8221;on&#8221; _builder_version=&#8221;3.25.3&#8243; width=&#8221;98%&#8221; width_tablet=&#8221;90%&#8221; width_phone=&#8221;90%&#8221; width_last_edited=&#8221;on|tablet&#8221; max_width=&#8221;1140px&#8221; max_width_tablet=&#8221;90%&#8221; max_width_phone=&#8221;90%&#8221; max_width_last_edited=&#8221;on|phone&#8221;][et_pb_column type=&#8221;4_4&#8243; _builder_version=&#8221;3.25.3&#8243;][et_pb_text _builder_version=&#8221;4.3.2&#8243; header_font=&#8221;Muli|800|||||||&#8221; header_text_align=&#8221;center&#8221; header_text_color=&#8221;#ffffff&#8221; header_font_size=&#8221;20px&#8221; header_line_height=&#8221;1.6em&#8221; custom_margin=&#8221;||&#8221; custom_padding=&#8221;10px||&#8221; header_font_size_tablet=&#8221;&#8221; header_font_size_phone=&#8221;25px&#8221; header_font_size_last_edited=&#8221;on|desktop&#8221; header_line_height_tablet=&#8221;&#8221; header_line_height_phone=&#8221;1.3em&#8221; header_line_height_last_edited=&#8221;on|desktop&#8221;]<\/p>\n<h1>Zdobyte na przestrzeni lat do\u015bwiadczenie, pozwoli\u0142o nam na zaproponowanie naszym klientom us\u0142ug gwarantuj\u0105cych skuteczn\u0105 i kompleksow\u0105 obs\u0142ug\u0119 windykacyjn\u0105.<\/h1>\n<p>[\/et_pb_text][\/et_pb_column][\/et_pb_row][\/et_pb_section][et_pb_section fb_built=&#8221;1&#8243; _builder_version=&#8221;3.25.3&#8243; custom_padding=&#8221;20px||20px||true|&#8221;][et_pb_row column_structure=&#8221;1_2,1_2&#8243; use_custom_gutter=&#8221;on&#8221; make_equal=&#8221;on&#8221; _builder_version=&#8221;4.3.2&#8243; width=&#8221;98%&#8221; width_tablet=&#8221;90%&#8221; width_phone=&#8221;90%&#8221; width_last_edited=&#8221;on|tablet&#8221; max_width=&#8221;1140px&#8221; max_width_tablet=&#8221;90%&#8221; max_width_phone=&#8221;90%&#8221; max_width_last_edited=&#8221;on|phone&#8221;][et_pb_column type=&#8221;1_2&#8243; _builder_version=&#8221;3.25.3&#8243;][et_pb_text _builder_version=&#8221;4.3.2&#8243; text_font=&#8221;Muli||||||||&#8221; text_text_color=&#8221;#000000&#8243; text_font_size=&#8221;16px&#8221; text_line_height=&#8221;1.8em&#8221; text_orientation=&#8221;justified&#8221; custom_margin_tablet=&#8221;|||0px&#8221; custom_margin_phone=&#8221;|||0px&#8221; custom_margin_last_edited=&#8221;on|desktop&#8221; custom_padding_tablet=&#8221;|||25px&#8221; custom_padding_phone=&#8221;|||20px&#8221; custom_padding_last_edited=&#8221;on|desktop&#8221; border_color_left=&#8221;#008dd2&#8243;]<\/p>\n<p>WINDYKATORZY.COM stosuj\u0105 jasne i przejrzyste zasady wynagradzania. W umowie okre\u015blamy nasze wynagrodzenie, jako procent od wyegzekwowanej od d\u0142u\u017cnika kwoty wierzytelno\u015bci. Oznacza to, i\u017c nasze standardowe zasady nie przewiduj\u0105 konieczno\u015bci ponoszenia przez klienta jakichkolwiek op\u0142at wst\u0119pnych czy pocz\u0105tkowych. Jednocze\u015bnie, nasi klienci w okre\u015blonych okoliczno\u015bciach maj\u0105 mo\u017cliwo\u015b\u0107 skorzystania z obci\u0105\u017cenia kosztami windykacji i naszego wynagrodzenia d\u0142u\u017cnika. Pozwala to na zachowanie przez klienta pe\u0142nej kwota roszczenia, bez jego pomniejszania o nasz\u0105 prowizj\u0119.<\/p>\n<p>Brak pobierania jakichkolwiek op\u0142at wst\u0119pnych od Klient\u00f3w, w przypadku prowadzenia spraw aktualnych oznacza, \u017ce gdy podj\u0119te przez WINDYKATORZY.COM czynno\u015bci oka\u017c\u0105 si\u0119 nieskuteczne, brak b\u0119dzie koszt\u00f3w windykacji po stronie naszego klienta. <strong><\/strong> Wyj\u0105tkiem jest sytuacja, gdy przedmiotem zlecenia jest egzekwowanie roszcze\u0144 dotycz\u0105ca tzw. spraw nieaktualnych (przeterminowanych). W przypadku takich zlece\u0144, ustalana jest op\u0142ata pocz\u0105tkowa za rozpocz\u0119cie procesu windykacji, a po odzyskaniu przez nas d\u0142ugu, naliczamy <strong>procentow\u0105 prowizj\u0119<\/strong> od uzyskanej kwoty. <\/p>\n<p>Bior\u0105c pod uwag\u0119, \u017ce staramy si\u0119 obci\u0105\u017ca\u0107 naszym wynagrodzeniem d\u0142u\u017cnika, do\u015b\u0107 cz\u0119sto nasi klienci nie ponosz\u0105 \u017cadnych koszt\u00f3w post\u0119powania windykacyjnego prowadzonego przez WINDYKATORZY.COM. \u00a0<\/p>\n<p>[\/et_pb_text][\/et_pb_column][et_pb_column type=&#8221;1_2&#8243; _builder_version=&#8221;4.3.2&#8243; background_image=&#8221;http:\/\/serwer2200102.home.pl\/windykatorzy\/wp-content\/uploads\/2020\/05\/savings-2789137_640.jpg&#8221; parallax=&#8221;on&#8221;][et_pb_divider show_divider=&#8221;off&#8221; _builder_version=&#8221;4.3.2&#8243;][\/et_pb_divider][\/et_pb_column][\/et_pb_row][et_pb_row use_custom_gutter=&#8221;on&#8221; make_equal=&#8221;on&#8221; _builder_version=&#8221;4.3.2&#8243; width=&#8221;98%&#8221; width_tablet=&#8221;90%&#8221; width_phone=&#8221;90%&#8221; width_last_edited=&#8221;on|tablet&#8221; max_width=&#8221;1140px&#8221; max_width_tablet=&#8221;90%&#8221; max_width_phone=&#8221;90%&#8221; max_width_last_edited=&#8221;on|phone&#8221; custom_padding=&#8221;||76px|||&#8221;][et_pb_column type=&#8221;4_4&#8243; _builder_version=&#8221;3.25.3&#8243;][et_pb_text _builder_version=&#8221;4.3.2&#8243; text_font=&#8221;Muli||||||||&#8221; text_text_color=&#8221;#000000&#8243; text_font_size=&#8221;16px&#8221; text_line_height=&#8221;1.8em&#8221; text_orientation=&#8221;justified&#8221; custom_margin_tablet=&#8221;|||0px&#8221; custom_margin_phone=&#8221;|||0px&#8221; custom_margin_last_edited=&#8221;on|desktop&#8221; custom_padding_tablet=&#8221;|||25px&#8221; custom_padding_phone=&#8221;|||20px&#8221; custom_padding_last_edited=&#8221;on|desktop&#8221; border_color_left=&#8221;#008dd2&#8243;]<\/p>\n<p>Naszym klientom mo\u017cemy zagwarantowa\u0107, \u017ce zawierane pomi\u0119dzy nami umowy, nie zawieraj\u0105 w tre\u015bci \u017cadnych postanowie\u0144, kt\u00f3re mog\u0105 zosta\u0107 uznane za niekorzystne lub dwuznaczne. Tre\u015b\u0107 umowy zosta\u0142a sformu\u0142owana w spos\u00f3b czytelny i tak, aby interesy ka\u017cdej ze stron by\u0142y w spos\u00f3b maksymalny chronione. Dok\u0142adamy wszelkich stara\u0144, aby \u015bwiadczone przez nas us\u0142ugi by\u0142y spe\u0142nieniem Pa\u0144stwa oczekiwa\u0144. W uzasadnionych i indywidualnych przypadkach, dopuszczamy mo\u017cliwo\u015b\u0107 negocjacji warunk\u00f3w umowy oraz wysoko\u015bci naszego wynagrodzenia. Nasi stali klienci mog\u0105 liczy\u0107 na atrakcyjny system premiowy. <\/p>\n<p>Zale\u017cy nam na komforcie pracy naszych klient\u00f3w, dlatego w przypadku pyta\u0144 lub pojawienia si\u0119 nieoczekiwanych sytuacji, zawsze s\u0142u\u017cymy pomoc\u0105. Do Pa\u0144stwa dyspozycji skierujemy wykwalifikowany zesp\u00f3\u0142 profesjonalist\u00f3w, maj\u0105cych wieloletnie do\u015bwiadczenie w windykacji i egzekucji nale\u017cno\u015bci.<\/p>\n<p>[\/et_pb_text][\/et_pb_column][\/et_pb_row][\/et_pb_section][et_pb_section fb_built=&#8221;1&#8243; make_equal=&#8221;on&#8221; use_custom_gutter=&#8221;on&#8221; gutter_width=&#8221;2&#8243; specialty=&#8221;on&#8221; _builder_version=&#8221;4.3.2&#8243; background_image=&#8221;http:\/\/serwer2200102.home.pl\/windykatorzy\/wp-content\/uploads\/2020\/02\/photo-of-people-doing-handshakes-3183197.jpg&#8221; parallax=&#8221;on&#8221; parallax_method=&#8221;off&#8221; inner_width=&#8221;98%&#8221; inner_width_tablet=&#8221;90%&#8221; inner_width_phone=&#8221;90%&#8221; inner_width_last_edited=&#8221;on|tablet&#8221; inner_max_width=&#8221;1140px&#8221; inner_max_width_tablet=&#8221;90%&#8221; inner_max_width_phone=&#8221;90%&#8221; inner_max_width_last_edited=&#8221;on|tablet&#8221; custom_padding=&#8221;0px||0px||true|&#8221;][et_pb_column type=&#8221;1_3&#8243; _builder_version=&#8221;3.25&#8243; custom_padding=&#8221;|||&#8221; custom_padding__hover=&#8221;|||&#8221;][\/et_pb_column][et_pb_column type=&#8221;2_3&#8243; specialty_columns=&#8221;2&#8243; _builder_version=&#8221;3.25&#8243; custom_padding=&#8221;|||&#8221; custom_padding__hover=&#8221;|||&#8221;][et_pb_row_inner _builder_version=&#8221;4.3.2&#8243; custom_padding=&#8221;20%||20%||true|false&#8221;][et_pb_column_inner saved_specialty_column_type=&#8221;2_3&#8243; _builder_version=&#8221;3.25.3&#8243;][et_pb_text _builder_version=&#8221;4.3.2&#8243; text_font=&#8221;Muli|500|||||||&#8221; text_text_color=&#8221;#ffffff&#8221; text_font_size=&#8221;19px&#8221; text_line_height=&#8221;1.8em&#8221; background_color=&#8221;rgba(0,0,0,0.84)&#8221; text_orientation=&#8221;center&#8221; custom_padding=&#8221;20px|20px|20px|20px|true|true&#8221;]<\/p>\n<p>Nasza us\u0142uga to co\u015b wi\u0119cej ni\u017c windykacja wierzytelno\u015bci. Wsp\u00f3\u0142praca z WINDYKATORZY.COM to wsparcie ludzi do\u015bwiadczonych, kreatywnych i konsekwentnych. Podstaw\u0105 sukcesu przedsi\u0119biorcy nie jest sprzeda\u017c towaru czy us\u0142ugi, ale uzyskanie zap\u0142aty za to.<\/p>\n<p>[\/et_pb_text][\/et_pb_column_inner][\/et_pb_row_inner][\/et_pb_column][\/et_pb_section][et_pb_section fb_built=&#8221;1&#8243; _builder_version=&#8221;4.3.2&#8243; background_color=&#8221;#e02b20&#8243; custom_padding=&#8221;18px||18px||true&#8221;][et_pb_row use_custom_gutter=&#8221;on&#8221; gutter_width=&#8221;2&#8243; make_equal=&#8221;on&#8221; _builder_version=&#8221;3.25.3&#8243; width=&#8221;98%&#8221; width_tablet=&#8221;90%&#8221; width_phone=&#8221;90%&#8221; width_last_edited=&#8221;on|tablet&#8221; max_width=&#8221;1140px&#8221; max_width_tablet=&#8221;90%&#8221; max_width_phone=&#8221;90%&#8221; max_width_last_edited=&#8221;on|phone&#8221;][et_pb_column type=&#8221;4_4&#8243; _builder_version=&#8221;3.25.3&#8243;][et_pb_text _builder_version=&#8221;4.3.2&#8243; header_font=&#8221;Poppins|800|||||||&#8221; header_text_align=&#8221;center&#8221; header_text_color=&#8221;#ffffff&#8221; header_line_height=&#8221;1.9em&#8221; custom_margin=&#8221;||&#8221; custom_padding=&#8221;10px||&#8221; header_font_size_tablet=&#8221;&#8221; header_font_size_phone=&#8221;25px&#8221; header_font_size_last_edited=&#8221;on|desktop&#8221; header_line_height_tablet=&#8221;&#8221; header_line_height_phone=&#8221;1.3em&#8221; header_line_height_last_edited=&#8221;on|desktop&#8221;]<\/p>\n<h1>Z WINDYKATORZY.COM pewne s\u0105&#8230; \u015bmier\u0107, podatki i&#8230; zap\u0142ata d\u0142ug\u00f3w!<\/h1>\n<p>[\/et_pb_text][\/et_pb_column][\/et_pb_row][\/et_pb_section]<\/p>\n","protected":false},"excerpt":{"rendered":"<p>[et_pb_section fb_built=&#8221;1&#8243; _builder_version=&#8221;4.3.2&#8243; background_enable_color=&#8221;off&#8221; use_background_color_gradient=&#8221;on&#8221; background_color_gradient_start=&#8221;rgba(255,255,255,0.84)&#8221; background_color_gradient_end=&#8221;rgba(255,255,255,0)&#8221; background_color_gradient_direction=&#8221;130deg&#8221; background_image=&#8221;http:\/\/serwer2200102.home.pl\/windykatorzy\/wp-content\/uploads\/2020\/05\/canary-islands-91013_1280.jpg&#8221; background_blend=&#8221;overlay&#8221; custom_padding=&#8221;7.5%||7.5%||true|&#8221;][et_pb_row use_custom_gutter=&#8221;on&#8221; gutter_width=&#8221;2&#8243; make_equal=&#8221;on&#8221; _builder_version=&#8221;3.25.3&#8243; width=&#8221;98%&#8221; width_tablet=&#8221;90%&#8221; width_phone=&#8221;90%&#8221; width_last_edited=&#8221;on|tablet&#8221; max_width=&#8221;1140px&#8221; max_width_tablet=&#8221;90%&#8221; max_width_phone=&#8221;90%&#8221; max_width_last_edited=&#8221;on|phone&#8221; custom_margin=&#8221;|auto||131px||&#8221; animation_style=&#8221;slide&#8221; animation_direction=&#8221;left&#8221;][et_pb_column type=&#8221;4_4&#8243; _builder_version=&#8221;3.25.3&#8243;][et_pb_text _builder_version=&#8221;4.3.2&#8243; header_font=&#8221;Poppins|700||on|||||&#8221; header_text_color=&#8221;#2c394c&#8221; header_font_size=&#8221;50px&#8221; header_line_height=&#8221;1.1em&#8221; max_width=&#8221;700px&#8221; max_width_tablet=&#8221;70%&#8221; max_width_phone=&#8221;70%&#8221; max_width_last_edited=&#8221;on|tablet&#8221; custom_margin=&#8221;-23px||&#8221; hover_enabled=&#8221;0&#8243; header_font_size_tablet=&#8221;&#8221; header_font_size_phone=&#8221;25px&#8221; header_font_size_last_edited=&#8221;on|desktop&#8221; header_line_height_tablet=&#8221;&#8221; header_line_height_phone=&#8221;1.3em&#8221; header_line_height_last_edited=&#8221;on|desktop&#8221;] Cennik windykacji [\/et_pb_text][et_pb_text _builder_version=&#8221;4.3.2&#8243; text_font=&#8221;Muli||||||||&#8221; text_text_color=&#8221;#000000&#8243; text_font_size=&#8221;18px&#8221; text_line_height=&#8221;1.8em&#8221; text_orientation=&#8221;justified&#8221; max_width=&#8221;489px&#8221; [&hellip;]<\/p>\n","protected":false},"author":2,"featured_media":0,"parent":0,"menu_order":0,"comment_status":"closed","ping_status":"closed","template":"","meta":{"_et_pb_use_builder":"on","_et_pb_old_content":"","_et_gb_content_width":""},"yst_prominent_words":[64,70,75,107,106,34,110,113,56,104,111,108,66,63,61,105,67,112,114,109],"_links":{"self":[{"href":"http:\/\/windykatorzy.com\/index.php\/wp-json\/wp\/v2\/pages\/7"}],"collection":[{"href":"http:\/\/windykatorzy.com\/index.php\/wp-json\/wp\/v2\/pages"}],"about":[{"href":"http:\/\/windykatorzy.com\/index.php\/wp-json\/wp\/v2\/types\/page"}],"author":[{"embeddable":true,"href":"http:\/\/windykatorzy.com\/index.php\/wp-json\/wp\/v2\/users\/2"}],"replies":[{"embeddable":true,"href":"http:\/\/windykatorzy.com\/index.php\/wp-json\/wp\/v2\/comments?post=7"}],"version-history":[{"count":14,"href":"http:\/\/windykatorzy.com\/index.php\/wp-json\/wp\/v2\/pages\/7\/revisions"}],"predecessor-version":[{"id":238,"href":"http:\/\/windykatorzy.com\/index.php\/wp-json\/wp\/v2\/pages\/7\/revisions\/238"}],"wp:attachment":[{"href":"http:\/\/windykatorzy.com\/index.php\/wp-json\/wp\/v2\/media?parent=7"}],"wp:term":[{"taxonomy":"yst_prominent_words","embeddable":true,"href":"http:\/\/windykatorzy.com\/index.php\/wp-json\/wp\/v2\/yst_prominent_words?post=7"}],"curies":[{"name":"wp","href":"https:\/\/api.w.org\/{rel}","templated":true}]}}